{"id":1140,"date":"2023-07-26T12:11:05","date_gmt":"2023-07-26T12:11:05","guid":{"rendered":"https:\/\/coiffure-atelier.ch\/?page_id=1140"},"modified":"2023-07-26T12:19:55","modified_gmt":"2023-07-26T12:19:55","slug":"impressum","status":"publish","type":"page","link":"https:\/\/coiffure-atelier.ch\/?page_id=1140","title":{"rendered":"Impressum"},"content":{"rendered":"\n<h1 class=\"wp-block-heading\"><\/h1>\n\n\n\n<p><strong>Urheberrecht, Haftung, Verantwortung<\/strong><\/p>\n\n\n\n<p>Der Name und das Signet des Coiffure Atelier B\u00e4chle sind gesch\u00fctzt und d\u00fcrfen nicht kopiert werden. Zuwiderhandlungen werden auf dem Rechtsweg geahndet. \u00dcberdies ist der komplette Inhalt dieser Website urheberrechtlich gesch\u00fctzt. Ohne Zustimmung der Rechtsinhaber ist die weitergehende kommerzielle Verwendung untersagt. Die Coiffure Atelier B\u00e4chle beh\u00e4lt sich zudem das Recht vor, ohne vorherige Ank\u00fcndigung \u00c4nderungen und Erg\u00e4nzungen der bereitgestellten Informationen vorzunehmen.<\/p>\n\n\n\n<p>Die Coiffure Atelier B\u00e4chle hat auf verschiedenen Seiten ihres Internetangebots Links zu anderen Seiten im Internet gelegt. Da die Coiffure Atelier B\u00e4chle keinen Einfluss auf die Gestaltung der gelinkten Seiten hat, \u00fcbernimmt sie keinerlei Verantwortung f\u00fcr die Inhalte aller gelinkten Seiten auf dieser Website. Die Inhalte dieser Website stellen ein unverbindliches Informationsangebot dar.<\/p>\n\n\n\n<p>Obwohl die Informationen regelm\u00e4ssig auf Richtigkeit und Aktualit\u00e4t hin gepr\u00fcft werden, lehnen wir jede Haftung f\u00fcr unerw\u00fcnschte Folgen aus dem Gebrauch dieser Informationen ab. Von unserer Haftung ausgeschlossen ist die Garantie f\u00fcr die st\u00e4ndige Verf\u00fcgbarkeit unseres Onlineangebots sowie Sch\u00e4den (z.B. Verbindungsunterbruch, Viren), die aus der Benutzung unserer Website entstehen k\u00f6nnten.<\/p>\n\n\n\n<p>Wenn Sie Fragen oder Kommentare zu unseren rechtlichen Hinweisen oder zum Datenschutz haben, nehmen Sie bitte&nbsp;via Kontaktformular Kontakt mit uns auf.<\/p>\n","protected":false},"excerpt":{"rendered":"<p>Urheberrecht, Haftung, Verantwortung Der Name und das Signet des Coiffure Atelier B\u00e4chle sind gesch\u00fctzt und d\u00fcrfen nicht kopiert werden. Zuwiderhandlungen werden auf dem Rechtsweg geahndet. \u00dcberdies ist der komplette Inhalt dieser Website urheberrechtlich gesch\u00fctzt. Ohne Zustimmung der Rechtsinhaber ist die weitergehende kommerzielle Verwendung untersagt. Die Coiffure Atelier B\u00e4chle beh\u00e4lt sich zudem das Recht vor, ohne [&hellip;]<\/p>\n","protected":false},"author":1,"featured_media":0,"parent":0,"menu_order":0,"comment_status":"closed","ping_status":"closed","template":"","meta":{"footnotes":""},"class_list":["post-1140","page","type-page","status-publish","czr-hentry"],"_links":{"self":[{"href":"https:\/\/coiffure-atelier.ch\/index.php?rest_route=\/wp\/v2\/pages\/1140","targetHints":{"allow":["GET"]}}],"collection":[{"href":"https:\/\/coiffure-atelier.ch\/index.php?rest_route=\/wp\/v2\/pages"}],"about":[{"href":"https:\/\/coiffure-atelier.ch\/index.php?rest_route=\/wp\/v2\/types\/page"}],"author":[{"embeddable":true,"href":"https:\/\/coiffure-atelier.ch\/index.php?rest_route=\/wp\/v2\/users\/1"}],"replies":[{"embeddable":true,"href":"https:\/\/coiffure-atelier.ch\/index.php?rest_route=%2Fwp%2Fv2%2Fcomments&post=1140"}],"version-history":[{"count":1,"href":"https:\/\/coiffure-atelier.ch\/index.php?rest_route=\/wp\/v2\/pages\/1140\/revisions"}],"predecessor-version":[{"id":1141,"href":"https:\/\/coiffure-atelier.ch\/index.php?rest_route=\/wp\/v2\/pages\/1140\/revisions\/1141"}],"wp:attachment":[{"href":"https:\/\/coiffure-atelier.ch\/index.php?rest_route=%2Fwp%2Fv2%2Fmedia&parent=1140"}],"curies":[{"name":"wp","href":"https:\/\/api.w.org\/{rel}","templated":true}]}}