{"id":57,"date":"2016-04-28T15:09:22","date_gmt":"2016-04-28T15:09:22","guid":{"rendered":"http:\/\/coiffure-atelier.ch\/?page_id=57"},"modified":"2025-12-29T17:23:06","modified_gmt":"2025-12-29T17:23:06","slug":"news","status":"publish","type":"page","link":"https:\/\/coiffure-atelier.ch\/?page_id=57","title":{"rendered":"News"},"content":{"rendered":"\n<p><\/p>\n\n\n\n<h2 class=\"wp-block-heading\" id=\"online-terminkalender-buche-deinen-termin-gleich-hier-https-www-vip-agenda-ch-clients-coiffure-atelier\">Terminbuchungen<\/h2>\n\n\n\n<p>Da ich alleine arbeite, sind meine Termine schnell vergeben.<\/p>\n\n\n\n<p>Bitte buchen Sie Ihren Termin m\u00f6glichst fr\u00fchzeitig &#8211; so kann ich besser planen<\/p>\n\n\n\n<p>und Ihnen&nbsp; Ihren Wunschtermin anbieten.<\/p>\n\n\n\n<p>Vielen Dank f\u00fcr Ihr Verst\u00e4ndnis!<\/p>\n\n\n\n<p><a href=\"http:\/\/coiffure-atelier.ch\/?page_id=631\" target=\"_blank\" rel=\"noreferrer noopener\"><strong>Zum online Buchungskalender&nbsp;<\/strong><\/a><\/p>\n\n\n\n<h2 class=\"wp-block-heading\">Informationen zur neuen Preisliste<\/h2>\n\n\n\n<p>Ab dem 1. Januar 2026 passen wir unsere Preise an.&nbsp;<\/p>\n\n\n\n<p>Diese Anpassung erm\u00f6glicht es uns,<\/p>\n\n\n\n<p>weiterhin hochwertige Leistungen und besten&nbsp;<\/p>\n\n\n\n<p>Service anzubieten.<\/p>\n\n\n\n<p>Vielen Dank f\u00fcr Ihr Verst\u00e4ndnis und Ihre Treue!<\/p>\n\n\n\n<p><strong><a href=\"https:\/\/coiffure-atelier.ch\/?page_id=382\">Preisliste<\/a><\/strong><\/p>\n\n\n\n<h2 class=\"wp-block-heading\">Kontaktangaben<\/h2>\n\n\n\n<p><a href=\"mailto:team@coiffure-atelier.ch\"><strong>team@coiffure-atelier.ch<\/strong><\/a><\/p>\n\n\n\n<p>Tel. +41 52 365 12 77<\/p>\n\n\n\n<p>Coiffure Atelier<\/p>\n\n\n\n<p>Patricia B\u00e4chle<\/p>\n\n\n\n<p>Ch\u00e2telstrasse 3<\/p>\n\n\n\n<p>8355 Aadorf<\/p>\n\n\n\n<p><\/p>\n\n\n\n<p><\/p>\n\n\n\n<p><\/p>\n\n\n\n<div class=\"wp-block-group\"><div class=\"wp-block-group__inner-container is-layout-flow wp-block-group-is-layout-flow\">\n<div class=\"wp-block-columns is-layout-flex wp-container-core-columns-is-layout-9d6595d7 wp-block-columns-is-layout-flex\">\n<div class=\"wp-block-column is-layout-flow wp-block-column-is-layout-flow\">\n<figure class=\"wp-block-image size-large is-resized\"><img loading=\"lazy\" decoding=\"async\" width=\"576\" height=\"1024\" src=\"https:\/\/coiffure-atelier.ch\/wp-content\/uploads\/2022\/07\/274707285_4992612114138738_7104350179120784255_n-576x1024.jpg\" alt=\"\" class=\"wp-image-1028\" srcset=\"https:\/\/coiffure-atelier.ch\/wp-content\/uploads\/2022\/07\/274707285_4992612114138738_7104350179120784255_n-576x1024.jpg 576w, https:\/\/coiffure-atelier.ch\/wp-content\/uploads\/2022\/07\/274707285_4992612114138738_7104350179120784255_n-169x300.jpg 169w, https:\/\/coiffure-atelier.ch\/wp-content\/uploads\/2022\/07\/274707285_4992612114138738_7104350179120784255_n-768x1365.jpg 768w, https:\/\/coiffure-atelier.ch\/wp-content\/uploads\/2022\/07\/274707285_4992612114138738_7104350179120784255_n-864x1536.jpg 864w, https:\/\/coiffure-atelier.ch\/wp-content\/uploads\/2022\/07\/274707285_4992612114138738_7104350179120784255_n.jpg 1152w\" sizes=\"auto, (max-width: 576px) 100vw, 576px\" \/><\/figure>\n<\/div>\n\n\n\n<div class=\"wp-block-column is-layout-flow wp-block-column-is-layout-flow\">\n<figure class=\"wp-block-image size-full is-resized\"><img loading=\"lazy\" decoding=\"async\" width=\"679\" height=\"679\" src=\"https:\/\/coiffure-atelier.ch\/wp-content\/uploads\/2022\/07\/280739665_5197183757014905_623805643352863145_n.jpg\" alt=\"\" class=\"wp-image-1029\" srcset=\"https:\/\/coiffure-atelier.ch\/wp-content\/uploads\/2022\/07\/280739665_5197183757014905_623805643352863145_n.jpg 679w, https:\/\/coiffure-atelier.ch\/wp-content\/uploads\/2022\/07\/280739665_5197183757014905_623805643352863145_n-300x300.jpg 300w, https:\/\/coiffure-atelier.ch\/wp-content\/uploads\/2022\/07\/280739665_5197183757014905_623805643352863145_n-150x150.jpg 150w\" sizes=\"auto, (max-width: 679px) 100vw, 679px\" \/><\/figure>\n<\/div>\n\n\n\n<div class=\"wp-block-column is-layout-flow wp-block-column-is-layout-flow\">\n<figure class=\"wp-block-image size-full is-resized\"><img loading=\"lazy\" decoding=\"async\" width=\"720\" height=\"960\" src=\"https:\/\/coiffure-atelier.ch\/wp-content\/uploads\/2021\/02\/119096544_3342908209109145_5891610954434174079_n-1.jpg\" alt=\"\" class=\"wp-image-763\" srcset=\"https:\/\/coiffure-atelier.ch\/wp-content\/uploads\/2021\/02\/119096544_3342908209109145_5891610954434174079_n-1.jpg 720w, https:\/\/coiffure-atelier.ch\/wp-content\/uploads\/2021\/02\/119096544_3342908209109145_5891610954434174079_n-1-225x300.jpg 225w\" sizes=\"auto, (max-width: 720px) 100vw, 720px\" \/><\/figure>\n<\/div>\n<\/div>\n<\/div><\/div>\n\n\n\n<div class=\"wp-block-columns is-layout-flex wp-container-core-columns-is-layout-9d6595d7 wp-block-columns-is-layout-flex\">\n<div class=\"wp-block-column is-layout-flow wp-block-column-is-layout-flow\" style=\"flex-basis:100%\">\n<div class=\"wp-block-group\"><div class=\"wp-block-group__inner-container is-layout-flow wp-block-group-is-layout-flow\">\n<div class=\"wp-block-columns is-layout-flex wp-container-core-columns-is-layout-9d6595d7 wp-block-columns-is-layout-flex\">\n<div class=\"wp-block-column is-layout-flow wp-block-column-is-layout-flow\">\n<figure class=\"wp-block-image size-large is-resized\"><img decoding=\"async\" src=\"https:\/\/coiffure-atelier.ch\/wp-content\/uploads\/2021\/02\/Tai36678-683x1024.jpg\" alt=\"\" class=\"wp-image-808\"\/><\/figure>\n<\/div>\n\n\n\n<div class=\"wp-block-column is-layout-flow wp-block-column-is-layout-flow\">\n<figure class=\"wp-block-image size-large is-resized\"><img loading=\"lazy\" decoding=\"async\" width=\"682\" height=\"1024\" src=\"https:\/\/coiffure-atelier.ch\/wp-content\/uploads\/2021\/02\/TRIT0619kl-682x1024.jpg\" alt=\"\" class=\"wp-image-817\" srcset=\"https:\/\/coiffure-atelier.ch\/wp-content\/uploads\/2021\/02\/TRIT0619kl-682x1024.jpg 682w, https:\/\/coiffure-atelier.ch\/wp-content\/uploads\/2021\/02\/TRIT0619kl-200x300.jpg 200w, https:\/\/coiffure-atelier.ch\/wp-content\/uploads\/2021\/02\/TRIT0619kl-768x1152.jpg 768w, https:\/\/coiffure-atelier.ch\/wp-content\/uploads\/2021\/02\/TRIT0619kl-1024x1536.jpg 1024w, https:\/\/coiffure-atelier.ch\/wp-content\/uploads\/2021\/02\/TRIT0619kl-1365x2048.jpg 1365w, https:\/\/coiffure-atelier.ch\/wp-content\/uploads\/2021\/02\/TRIT0619kl-scaled.jpg 1706w\" sizes=\"auto, (max-width: 682px) 100vw, 682px\" \/><\/figure>\n<\/div>\n\n\n\n<div class=\"wp-block-column is-layout-flow wp-block-column-is-layout-flow\">\n<figure class=\"wp-block-image size-large is-resized\"><img loading=\"lazy\" decoding=\"async\" width=\"683\" height=\"1024\" src=\"https:\/\/coiffure-atelier.ch\/wp-content\/uploads\/2021\/02\/Tai33978-2-683x1024.jpg\" alt=\"\" class=\"wp-image-818\" srcset=\"https:\/\/coiffure-atelier.ch\/wp-content\/uploads\/2021\/02\/Tai33978-2-683x1024.jpg 683w, https:\/\/coiffure-atelier.ch\/wp-content\/uploads\/2021\/02\/Tai33978-2-200x300.jpg 200w, https:\/\/coiffure-atelier.ch\/wp-content\/uploads\/2021\/02\/Tai33978-2-768x1152.jpg 768w, https:\/\/coiffure-atelier.ch\/wp-content\/uploads\/2021\/02\/Tai33978-2-1024x1536.jpg 1024w, https:\/\/coiffure-atelier.ch\/wp-content\/uploads\/2021\/02\/Tai33978-2-1365x2048.jpg 1365w, https:\/\/coiffure-atelier.ch\/wp-content\/uploads\/2021\/02\/Tai33978-2-scaled.jpg 1707w\" sizes=\"auto, (max-width: 683px) 100vw, 683px\" \/><\/figure>\n<\/div>\n<\/div>\n<\/div><\/div>\n<\/div>\n<\/div>\n\n\n\n<p><\/p>\n","protected":false},"excerpt":{"rendered":"<p>Terminbuchungen Da ich alleine arbeite, sind meine Termine schnell vergeben. Bitte buchen Sie Ihren Termin m\u00f6glichst fr\u00fchzeitig &#8211; so kann ich besser planen und Ihnen&nbsp; Ihren Wunschtermin anbieten. Vielen Dank f\u00fcr Ihr Verst\u00e4ndnis! Zum online Buchungskalender&nbsp; Informationen zur neuen Preisliste Ab dem 1. Januar 2026 passen wir unsere Preise an.&nbsp; Diese Anpassung erm\u00f6glicht es uns, [&hellip;]<\/p>\n","protected":false},"author":1,"featured_media":764,"parent":0,"menu_order":0,"comment_status":"closed","ping_status":"closed","template":"","meta":{"footnotes":""},"class_list":["post-57","page","type-page","status-publish","has-post-thumbnail","czr-hentry"],"_links":{"self":[{"href":"https:\/\/coiffure-atelier.ch\/index.php?rest_route=\/wp\/v2\/pages\/57","targetHints":{"allow":["GET"]}}],"collection":[{"href":"https:\/\/coiffure-atelier.ch\/index.php?rest_route=\/wp\/v2\/pages"}],"about":[{"href":"https:\/\/coiffure-atelier.ch\/index.php?rest_route=\/wp\/v2\/types\/page"}],"author":[{"embeddable":true,"href":"https:\/\/coiffure-atelier.ch\/index.php?rest_route=\/wp\/v2\/users\/1"}],"replies":[{"embeddable":true,"href":"https:\/\/coiffure-atelier.ch\/index.php?rest_route=%2Fwp%2Fv2%2Fcomments&post=57"}],"version-history":[{"count":49,"href":"https:\/\/coiffure-atelier.ch\/index.php?rest_route=\/wp\/v2\/pages\/57\/revisions"}],"predecessor-version":[{"id":1201,"href":"https:\/\/coiffure-atelier.ch\/index.php?rest_route=\/wp\/v2\/pages\/57\/revisions\/1201"}],"wp:featuredmedia":[{"embeddable":true,"href":"https:\/\/coiffure-atelier.ch\/index.php?rest_route=\/wp\/v2\/media\/764"}],"wp:attachment":[{"href":"https:\/\/coiffure-atelier.ch\/index.php?rest_route=%2Fwp%2Fv2%2Fmedia&parent=57"}],"curies":[{"name":"wp","href":"https:\/\/api.w.org\/{rel}","templated":true}]}}