{"id":597,"date":"2017-11-19T19:10:04","date_gmt":"2017-11-19T19:10:04","guid":{"rendered":"http:\/\/coiffure-atelier.ch\/?page_id=597"},"modified":"2017-11-19T19:15:02","modified_gmt":"2017-11-19T19:15:02","slug":"20-jahre-coiffure-atelier","status":"publish","type":"page","link":"https:\/\/coiffure-atelier.ch\/?page_id=597","title":{"rendered":"20 Jahre Coiffure Atelier"},"content":{"rendered":"<p>&nbsp;<\/p>\n<p>20-Jahr-Jubil\u00e4um bei Coiffure Atelier<\/p>\n<p><em>Im Jubil\u00e4umsmonat April bedankt sich Coiffure Atelier bei ihrer gesch\u00e4tzten Kundschaft mit speziellen Rabattgutscheinen<\/em><\/p>\n<p><em>f\u00fcr deren Treue. Gesch\u00e4ftsinhaberin Patricia B\u00e4chle und ihr motiviertes Team freuen sich auf Ihren Besuch.<\/em><\/p>\n<p>Aadorf \u2013 Im April vor 20 Jahren er\u00f6ffnete Patricia B\u00e4chle an der Hauptstrasse im Aadorfer Unterdorf mit dem Coiffure Atelier ihr erstes eigenes Gesch\u00e4ft.<\/p>\n<p>F\u00fcnf Jahre sp\u00e4ter zog sie ins Aadorfer Gemeindezentrum. Mit ihrem eigenen Gesch\u00e4ftssitz direkt gegen\u00fcber der Raiffeisenbank, erf\u00fcllte sich Patricia B\u00e4chle dann im<\/p>\n<p>2012 einen langgehegten Wunsch. An bester Passantenlage, mit Parkpl\u00e4tzen direkt vor der Haust\u00fcr, hat die kompetente Hairstylistin auf knapp 90 Quadratmetern ihr ambientes<\/p>\n<p>Coiffure- und Nagelstudio in ansprechendem Design eingerichtet.<\/p>\n<p>Der erste Wohlf\u00fchleffekt wird schon beim Betreten des grossz\u00fcgig konzipierten Salons geweckt. Helle, anmutende Farbt\u00f6ne und stilvolle Bilder inspirieren und machen Lust auf Ver\u00e4nderung.<\/p>\n<p>Pers\u00f6nliche Beratung,\u00a0Patricia B\u00e4chle und ihr motiviertes Team mit Andrina Wenger und Nicole Schmid wissen genau, was ihre anspruchsvolle Kundschaft w\u00fcnscht.<\/p>\n<p>\u00abEine umfassende und individuelle Beratung hat f\u00fcr uns oberste Priorit\u00e4t\u00bb, betont Gesch\u00e4ftsinhaberin Patricia B\u00e4chle. Momentan liege die halblange bis lange Frisur mit Stufen<\/p>\n<p>aller Art hoch im Trend. Das motivierte Dreierteam arbeitet mit den neuesten Techniken und ist \u00fcberdies nat\u00fcrlich bestens \u00fcber die neuesten Farbtechniken, Haarpflegen, Extensions<\/p>\n<p>und weitere trendige Looks informiert. Als Haarstylistin arbeitete Patricia B\u00e4chle schon an vielen internationalen Anl\u00e4ssen und hat sich dort entsprechend weitergebildet.<\/p>\n<p>Von internationalen Messen hat die Gesch\u00e4ftsinhaberin unter anderem auch die exklusive Pflegeserie \u00abTailor\u2019s\u00bb der Firma Trinity mit nach Aadorf gebracht.<\/p>\n<p>Diese ist speziell auf das m\u00e4nnliche Haar abgestimmt. Das weibliche Geschlecht setzt momentan sehr auf gl\u00e4nzendes Haar. Um diesem Trend gerecht zu werden, setzt man<\/p>\n<p>bei Coiffure Atelier auf Argan\u00f6l. Wer m\u00f6chte nicht an der eigenen Hochzeit als Sch\u00f6nste gl\u00e4nzen. Auch daf\u00fcr f\u00fchlt sich Coiffeur Atelier zust\u00e4ndig und verantwortlich.<\/p>\n<p>Ein kompetentes Dreierteam In ihrer anspruchsvollen T\u00e4tigkeit wird Patricia B\u00e4chle unterst\u00fctzt von Andrina Wenger, welche vor kurzem die \u00abBerechtigung zur Ausbildung<\/p>\n<p>von Lernenden\u00bb mit der Bestnote 6 bestanden hat sowie von Praktikantin Nicole Schmid. Das kreative Trio freut sich, ihre anspruchsvolle Kundschaft, ob weiblich oder m\u00e4nnlich,<\/p>\n<p>mit aktuellen Locks auf pers\u00f6nliche und individuelle Weise ins beste Licht zu r\u00fccken. \u00abDas Gesamtbild z\u00e4hlt am Schluss\u00bb, meint B\u00e4chle.<\/p>\n<p>Im Jubil\u00e4umsmonat April profitieren Sie nun von attraktiven Rabattgutscheinen.\u00a0F\u00fcr Dienstleistungen bis 100 Franken gew\u00e4hrt Ihnen Coiffure<\/p>\n<p>Atelier einen Rabatt von zehn Prozent, ab 100 Franken 15 Prozent. Neugierig? Dann vereinbaren Sie doch gleich einen Termin unter Telefon 052 365 12 77. Coiffure Atelier,<\/p>\n<p>Chatelstrasse 3, 8355 Aadorf.<\/p>\n<p>www. coiffure-atelier.ch.<\/p>\n<p>Christina Avanzini<\/p>\n\n\t\t<style type=\"text\/css\">\n\t\t\t#gallery-1 {\n\t\t\t\tmargin: auto;\n\t\t\t}\n\t\t\t#gallery-1 .gallery-item {\n\t\t\t\tfloat: left;\n\t\t\t\tmargin-top: 10px;\n\t\t\t\ttext-align: center;\n\t\t\t\twidth: 33%;\n\t\t\t}\n\t\t\t#gallery-1 img {\n\t\t\t\tborder: 2px solid #cfcfcf;\n\t\t\t}\n\t\t\t#gallery-1 .gallery-caption {\n\t\t\t\tmargin-left: 0;\n\t\t\t}\n\t\t\t\/* see gallery_shortcode() in wp-includes\/media.php *\/\n\t\t<\/style>\n\t\t<div id='gallery-1' class='gallery galleryid-597 gallery-columns-3 gallery-size-thumbnail'><dl class='gallery-item'>\n\t\t\t<dt class='gallery-icon landscape'>\n\t\t\t\t<a href='https:\/\/coiffure-atelier.ch\/?attachment_id=590'><img loading=\"lazy\" decoding=\"async\" width=\"150\" height=\"150\" src=\"https:\/\/coiffure-atelier.ch\/wp-content\/uploads\/2017\/11\/Coiffure_Atelier_7-Kopie-150x150.jpg\" class=\"attachment-thumbnail size-thumbnail\" alt=\"\" \/><\/a>\n\t\t\t<\/dt><\/dl><dl class='gallery-item'>\n\t\t\t<dt class='gallery-icon landscape'>\n\t\t\t\t<a href='https:\/\/coiffure-atelier.ch\/?attachment_id=593'><img loading=\"lazy\" decoding=\"async\" width=\"150\" height=\"150\" src=\"https:\/\/coiffure-atelier.ch\/wp-content\/uploads\/2017\/11\/IMG_7468-150x150.jpg\" class=\"attachment-thumbnail size-thumbnail\" alt=\"\" \/><\/a>\n\t\t\t<\/dt><\/dl>\n\t\t\t<br style='clear: both' \/>\n\t\t<\/div>\n\n","protected":false},"excerpt":{"rendered":"<p>&nbsp; 20-Jahr-Jubil\u00e4um bei Coiffure Atelier Im Jubil\u00e4umsmonat April bedankt sich Coiffure Atelier bei ihrer gesch\u00e4tzten Kundschaft mit speziellen Rabattgutscheinen f\u00fcr deren Treue. Gesch\u00e4ftsinhaberin Patricia B\u00e4chle und ihr motiviertes Team freuen sich auf Ihren Besuch. Aadorf \u2013 Im April vor 20 Jahren er\u00f6ffnete Patricia B\u00e4chle an der Hauptstrasse im Aadorfer Unterdorf mit dem Coiffure Atelier ihr [&hellip;]<\/p>\n","protected":false},"author":1,"featured_media":593,"parent":161,"menu_order":0,"comment_status":"closed","ping_status":"closed","template":"custom-page.php","meta":{"footnotes":""},"class_list":["post-597","page","type-page","status-publish","has-post-thumbnail","czr-hentry"],"_links":{"self":[{"href":"https:\/\/coiffure-atelier.ch\/index.php?rest_route=\/wp\/v2\/pages\/597","targetHints":{"allow":["GET"]}}],"collection":[{"href":"https:\/\/coiffure-atelier.ch\/index.php?rest_route=\/wp\/v2\/pages"}],"about":[{"href":"https:\/\/coiffure-atelier.ch\/index.php?rest_route=\/wp\/v2\/types\/page"}],"author":[{"embeddable":true,"href":"https:\/\/coiffure-atelier.ch\/index.php?rest_route=\/wp\/v2\/users\/1"}],"replies":[{"embeddable":true,"href":"https:\/\/coiffure-atelier.ch\/index.php?rest_route=%2Fwp%2Fv2%2Fcomments&post=597"}],"version-history":[{"count":2,"href":"https:\/\/coiffure-atelier.ch\/index.php?rest_route=\/wp\/v2\/pages\/597\/revisions"}],"predecessor-version":[{"id":602,"href":"https:\/\/coiffure-atelier.ch\/index.php?rest_route=\/wp\/v2\/pages\/597\/revisions\/602"}],"up":[{"embeddable":true,"href":"https:\/\/coiffure-atelier.ch\/index.php?rest_route=\/wp\/v2\/pages\/161"}],"wp:featuredmedia":[{"embeddable":true,"href":"https:\/\/coiffure-atelier.ch\/index.php?rest_route=\/wp\/v2\/media\/593"}],"wp:attachment":[{"href":"https:\/\/coiffure-atelier.ch\/index.php?rest_route=%2Fwp%2Fv2%2Fmedia&parent=597"}],"curies":[{"name":"wp","href":"https:\/\/api.w.org\/{rel}","templated":true}]}}